{"id":102,"date":"2018-02-13T22:03:50","date_gmt":"2018-02-13T21:03:50","guid":{"rendered":"http:\/\/pravoslavbrno.cz\/?page_id=102"},"modified":"2018-04-02T08:13:08","modified_gmt":"2018-04-02T07:13:08","slug":"odkazy","status":"publish","type":"page","link":"https:\/\/pravoslavnebrno.cz\/uk\/odkazy\/","title":{"rendered":"Odkazy"},"content":{"rendered":"<h3 style=\"text-align: center;\"><strong>Doporu\u010den\u00e9 pravoslavn\u00e9 str\u00e1nky a weby<\/strong><\/h3>\n<p style=\"text-align: left;\"><strong>1. ODKAZY NA DOM\u00c1C\u00cd PRAVOSLAVN\u00c9 WEBY<\/strong><\/p>\n<p><strong>Hlavn\u00ed \u010desk\u00fd pravoslavn\u00fd rozcestn\u00edk<br \/>\n<\/strong><a href=\"http:\/\/www.pravoslavi.cz\/\">http:\/\/www.pravoslavi.cz\/<\/a><\/p>\n<p><strong>Gorazd\u016fv pravoslavn\u00fd katechismus<br \/>\n<\/strong><a href=\"http:\/\/pravoslavi.cz\/katechismus\/\">http:\/\/pravoslavi.cz\/katechismus\/<\/a><\/p>\n<p><strong>Pravoslavn\u00fd kalend\u00e1\u0159<br \/>\n<\/strong><a href=\"http:\/\/kalendar.or.cz\/day.pl\">http:\/\/kalendar.or.cz\/day.pl<\/a><\/p>\n<p><strong>K\u0159es\u0165ansk\u00e1 ortodoxie<\/strong> &#8211; Pravoslavn\u00e9 k\u0159es\u0165anstv\u00ed v\u00fdchodn\u00ed &#8211; Str\u00e1nka o Pravoslav\u00ed<br \/>\n<a href=\"http:\/\/www.orthodoxia.cz\/\">http:\/\/www.orthodoxia.cz\/<\/a><\/p>\n<p><strong>Pravoslavn\u00fd DOWNLOAD &#8211; Soubory ke sta\u017een\u00ed<br \/>\n<\/strong>Soubory pro tisk \u010desk\u00fdch pravoslavn\u00fdch bro\u017eur, modliteb, bohoslu\u017eebn\u00fdch kn\u00ed\u017eek a p\u0159\u00edru\u010dek, grafick\u00fdch list\u016f, not&#8230;<br \/>\n<a href=\"http:\/\/download.pravoslavi.cz\/index.html\">http:\/\/download.pravoslavi.cz\/index.html<\/a><\/p>\n<p><strong>Ambon &#8211; <\/strong>Pravoslavn\u00fd weblog a list\u00e1rna pro zve\u0159ej\u0148ov\u00e1n\u00ed \u00favah, ozn\u00e1men\u00ed a zpr\u00e1v<br \/>\n<a href=\"http:\/\/www.ambon.or.cz\/\">http:\/\/www.ambon.or.cz\/<\/a><\/p>\n<p><strong>Pravoslav\u00ed <\/strong><strong>&#8211; <\/strong>hlavn\u00ed \u010desk\u00fd pravoslavn\u00fd rozcestn\u00edk<br \/>\n<a href=\"http:\/\/nitriaorthodoxy.blogspot.cz\/\">http:\/\/www.pravoslavi.cz\/<\/a><\/p>\n<p><strong>Nitria <\/strong><strong>&#8211; <\/strong>blog o pravoslavn\u00e9 duchovnosti a kultu\u0159e<br \/>\n<a href=\"http:\/\/nitriaorthodoxy.blogspot.cz\/\">http:\/\/nitriaorthodoxy.blogspot.cz\/<\/a><\/p>\n<p>&nbsp;<\/p>\n<p><strong>2. ODKAZY NA ZAHRANI\u010cN\u00cd PRAVOSLAVN\u00c9 WEBY<\/strong><\/p>\n<p><strong>Ofici\u00e1ln\u00ed str\u00e1nky Pravoslavn\u00fdch c\u00edrkv\u00ed:<\/strong><\/p>\n<p><strong>Ekumenick\u00fd (Konstantinopolsk\u00fd) patriarch\u00e1t<br \/>\n<\/strong><a href=\"http:\/\/www.ec-patr.org\/\">http:\/\/www.ec-patr.org\/<\/a><\/p>\n<p><strong>Alexandrijsk\u00fd patriarch\u00e1t<br \/>\n<\/strong><a href=\"http:\/\/www.patriarchateofalexandria.com\/\">http:\/\/www.patriarchateofalexandria.com\/<\/a><\/p>\n<p><strong>Patriarch\u00e1t antiochijsk\u00fd a cel\u00e9ho V\u00fdchodu<br \/>\n<\/strong><a href=\"https:\/\/www.antiochpatriarchate.org\/\">https:\/\/www.antiochpatriarchate.org\/<\/a><\/p>\n<p><strong>Jerusalemsk\u00fd patriarch\u00e1t<br \/>\n<\/strong><a href=\"http:\/\/www.jerusalem-patriarchate.info\/\">http:\/\/www.jerusalem-patriarchate.info\/<\/a><\/p>\n<p><strong>Rusk\u00e1 pravoslavn\u00e1 c\u00edrkev<br \/>\n<\/strong><a href=\"https:\/\/mospat.ru\/ru\/\">https:\/\/mospat.ru\/ru\/<\/a><\/p>\n<p><strong>Gruz\u00ednsk\u00e1 pravoslavn\u00e1 c\u00edrkev<br \/>\n<\/strong><a href=\"http:\/\/patriarchate.ge\/geo\/\">http:\/\/patriarchate.ge\/geo\/<\/a><\/p>\n<p><strong>Srbsk\u00e1 pravoslavn\u00e1 c\u00edrkev<br \/>\n<\/strong><a href=\"http:\/\/www.spc.rs\/\">http:\/\/www.spc.rs\/<\/a><\/p>\n<p><strong>Rumunsk\u00e1 pravoslavn\u00e1 c\u00edrkev<br \/>\n<\/strong><a href=\"http:\/\/patriarhia.ro\/\">http:\/\/patriarhia.ro\/<\/a><\/p>\n<p><strong>Bulharsk\u00e1 pravoslavn\u00e1 c\u00edrkev<br \/>\n<\/strong><a href=\"http:\/\/www.bg-patriarshia.bg\/\">http:\/\/www.bg-patriarshia.bg\/<\/a><\/p>\n<p><strong>Kypersk\u00e1 pravoslavn\u00e1 c\u00edrkev<br \/>\n<\/strong><a href=\"http:\/\/churchofcyprus.org.cy\/\">http:\/\/churchofcyprus.org.cy\/<\/a><\/p>\n<p><strong>\u0158eck\u00e1 pravoslavn\u00e1 c\u00edrkev<br \/>\n<\/strong><a href=\"http:\/\/www.ecclesia.gr\/\">http:\/\/www.ecclesia.gr\/<\/a><\/p>\n<p><strong>Polsk\u00e1 pravoslavn\u00e1 c\u00edrkev<br \/>\n<\/strong><a href=\"http:\/\/www.orthodox.pl\/\">http:\/\/www.orthodox.pl\/<\/a><\/p>\n<p><strong>Alb\u00e1nsk\u00e1 pravoslavn\u00e1 c\u00edrkev<br \/>\n<\/strong><a href=\"http:\/\/orthodoxalbania.org\/alb\/index.php\/al\/\">http:\/\/orthodoxalbania.org\/alb\/index.php\/al\/<\/a><\/p>\n<p><strong>Pravoslavn\u00e1 c\u00edrkev v Americe<br \/>\n<\/strong><a href=\"https:\/\/oca.org\/\">https:\/\/oca.org\/<\/a><\/p>\n<p>&nbsp;<\/p>\n<p><strong>3. \u017dIVOTY SVAT\u00ddCH:<\/strong><\/p>\n<p><strong>\u017divoty svat\u00fdch svt. Dimitrije Rostovsk\u00e9ho v\u00a0jazyce rusk\u00e9m<br \/>\n<\/strong><a href=\"https:\/\/ru.wikisource.org\/wiki\/%D0%96%D0%B8%D1%82%D0%B8%D1%8F_%D1%81%D0%B2%D1%8F%D1%82%D1%8B%D1%85_%D0%BF%D0%BE_%D0%B8%D0%B7%D0%BB%D0%BE%D0%B6%D0%B5%D0%BD%D0%B8%D1%8E_%D1%81%D0%B2%D1%82._%D0%94%D0%B8%D0%BC%D0%B8%D1%82%D1%80%D0%B8%D1%8F_%D0%A0%D0%BE%D1%81%D1%82%D0%BE%D0%B2%D1%81%D0%BA%D0%BE%D0%B3%D0%BE\">https:\/\/ru.wikisource.org\/wiki\/%D0%96%D0%B8%D1%82%D0%B8%D1%8F_%D1%81%D0%B2%D1%8F%D1%82%D1%8B%D1%85_%D0%BF%D0%BE_%D0%B8%D0%B7%D0%BB%D0%BE%D0%B6%D0%B5%D0%BD%D0%B8%D1%8E_%D1%81%D0%B2%D1%82._%D0%94%D0%B8%D0%BC%D0%B8%D1%82%D1%80%D0%B8%D1%8F_%D0%A0%D0%BE%D1%81%D1%82%D0%BE%D0%B2%D1%81%D0%BA%D0%BE%D0%B3%D0%BE<\/a><\/p>\n<p><strong>Kyjevsko \u2013 pe\u010dersk\u00fd paterik v\u00a0jazyce rusk\u00e9m<br \/>\n<\/strong><a href=\"http:\/\/www.sedmitza.ru\/lib\/text\/438020\/\">http:\/\/www.sedmitza.ru\/lib\/text\/438020\/<\/a><\/p>\n<p><strong>Ochridsk\u00fd Prolog svt. Nikolaje Velimirovi\u0107e v\u00a0jazyce srbsk\u00e9m<br \/>\n<\/strong><a href=\"https:\/\/svetosavlje.org\/prolog\/izlistano\/\">https:\/\/svetosavlje.org\/prolog\/izlistano\/<\/a><\/p>\n<p><strong>\u017divoty svat\u00fdch ctih. Just\u00fdna (Popovi\u0107e) \u0106elijsk\u00e9ho v\u00a0jazyce srbsk\u00e9m<br \/>\n<\/strong><a href=\"https:\/\/svetosavlje.org\/zitija-svetih\/\">https:\/\/svetosavlje.org\/zitija-svetih\/<\/a><\/p>\n<p><strong>\u017divoty svat\u00fdch na str\u00e1nk\u00e1ch Americk\u00e9 pravoslavn\u00e9 c\u00edrkve (OCA) v\u00a0jazyce anglick\u00e9m<br \/>\n<\/strong><a href=\"https:\/\/oca.org\/saints\/lives\">https:\/\/oca.org\/saints\/lives<\/a><\/p>\n<p><strong>Ochridsk\u00fd Prolog svt. Nikolaje Velimirovi\u0107e v\u00a0jazyce anglick\u00e9m<br \/>\n<\/strong><a href=\"http:\/\/www.rocor.org.au\/?page_id=925\">http:\/\/www.rocor.org.au\/?page_id=925<\/a><\/p>\n<p><strong>\u017divoty svat\u00fdch v\u00a0jazyce \u0159eck\u00e9m<br \/>\n<\/strong><a href=\"http:\/\/www.synaxarion.gr\/gr\/sxcalendar.aspx\">http:\/\/www.synaxarion.gr\/gr\/sxcalendar.aspx<\/a><\/p>\n<p><a href=\"http:\/\/www.saint.gr\/searchcalendar.aspx\">http:\/\/www.saint.gr\/searchcalendar.aspx<\/a><\/p>\n<p>&nbsp;<\/p>\n<p><strong>4. PRAVOSLAVN\u00c1 KNIHOVNA<\/strong><\/p>\n<p><strong>V jazyce rusk\u00e9m:<br \/>\n<\/strong><a href=\"http:\/\/lib.pravmir.ru\/\">http:\/\/lib.pravmir.ru\/<\/a><\/p>\n<p><a href=\"http:\/\/www.golden-ship.ru\/load\/\">http:\/\/www.golden-ship.ru\/load\/<\/a><\/p>\n<p><a href=\"https:\/\/azbyka.ru\/fiction\/\">https:\/\/azbyka.ru\/fiction\/<\/a><\/p>\n<p><a href=\"http:\/\/lib.cerkov.ru\/\">http:\/\/lib.cerkov.ru\/<\/a><\/p>\n<p>V\u00a0jazyce srbsk\u00e9m:<br \/>\n<a href=\"https:\/\/svetosavlje.org\/biblioteka-index\/\">https:\/\/svetosavlje.org\/biblioteka-index\/<\/a><\/p>\n<p><strong>V\u00a0jazyce anglick\u00e9m:<br \/>\n<\/strong><a href=\"http:\/\/www.holy-transfiguration.org\/library_en\/ct.html\">http:\/\/www.holy-transfiguration.org\/library_en\/ct.html<\/a><\/p>\n<p>&nbsp;<\/p>\n<p><strong>5.\u00a0OSTATN\u00cd<\/strong><\/p>\n<hr \/>\n<p><a href=\"http:\/\/www.mitras.ru\">http:\/\/www.mitras.ru<\/a><\/p>\n<p><a href=\"http:\/\/www.romfea.gr\">http:\/\/www.romfea.gr<\/a><\/p>\n<p><a href=\"http:\/\/www.diakonima.gr\/\">http:\/\/www.diakonima.gr\/<\/a><\/p>\n<p><a href=\"http:\/\/www.pemptousia.gr\/\">http:\/\/www.pemptousia.gr\/<\/a><\/p>\n<p>&nbsp;<\/p>\n","protected":false},"excerpt":{"rendered":"<p>Doporu\u010den\u00e9 pravoslavn\u00e9 str\u00e1nky a weby 1. ODKAZY NA DOM\u00c1C\u00cd PRAVOSLAVN\u00c9 WEBY Hlavn\u00ed \u010desk\u00fd pravoslavn\u00fd rozcestn\u00edk http:\/\/www.pravoslavi.cz\/ Gorazd\u016fv pravoslavn\u00fd katechismus http:\/\/pravoslavi.cz\/katechismus\/ Pravoslavn\u00fd kalend\u00e1\u0159 http:\/\/kalendar.or.cz\/day.pl K\u0159es\u0165ansk\u00e1 ortodoxie &#8211; Pravoslavn\u00e9 k\u0159es\u0165anstv\u00ed v\u00fdchodn\u00ed &#8211; Str\u00e1nka o Pravoslav\u00ed http:\/\/www.orthodoxia.cz\/ Pravoslavn\u00fd DOWNLOAD &#8211; Soubory ke sta\u017een\u00ed Soubory pro tisk \u010desk\u00fdch pravoslavn\u00fdch bro\u017eur, modliteb, bohoslu\u017eebn\u00fdch kn\u00ed\u017eek a p\u0159\u00edru\u010dek, grafick\u00fdch list\u016f, not&#8230; http:\/\/download.pravoslavi.cz\/index.html&#8230;<\/p>\n","protected":false},"author":1,"featured_media":0,"parent":0,"menu_order":0,"comment_status":"closed","ping_status":"closed","template":"","meta":{"jetpack_post_was_ever_published":false,"footnotes":""},"class_list":["post-102","page","type-page","status-publish","hentry"],"jetpack_sharing_enabled":true,"jetpack_shortlink":"https:\/\/wp.me\/P9GyX2-1E","jetpack-related-posts":[],"_links":{"self":[{"href":"https:\/\/pravoslavnebrno.cz\/uk\/wp-json\/wp\/v2\/pages\/102","targetHints":{"allow":["GET"]}}],"collection":[{"href":"https:\/\/pravoslavnebrno.cz\/uk\/wp-json\/wp\/v2\/pages"}],"about":[{"href":"https:\/\/pravoslavnebrno.cz\/uk\/wp-json\/wp\/v2\/types\/page"}],"author":[{"embeddable":true,"href":"https:\/\/pravoslavnebrno.cz\/uk\/wp-json\/wp\/v2\/users\/1"}],"replies":[{"embeddable":true,"href":"https:\/\/pravoslavnebrno.cz\/uk\/wp-json\/wp\/v2\/comments?post=102"}],"version-history":[{"count":12,"href":"https:\/\/pravoslavnebrno.cz\/uk\/wp-json\/wp\/v2\/pages\/102\/revisions"}],"predecessor-version":[{"id":1052,"href":"https:\/\/pravoslavnebrno.cz\/uk\/wp-json\/wp\/v2\/pages\/102\/revisions\/1052"}],"wp:attachment":[{"href":"https:\/\/pravoslavnebrno.cz\/uk\/wp-json\/wp\/v2\/media?parent=102"}],"curies":[{"name":"wp","href":"https:\/\/api.w.org\/{rel}","templated":true}]}}