{"id":104,"date":"2018-02-13T22:04:01","date_gmt":"2018-02-13T21:04:01","guid":{"rendered":"http:\/\/pravoslavbrno.cz\/?page_id=104"},"modified":"2022-08-31T06:51:38","modified_gmt":"2022-08-31T05:51:38","slug":"download","status":"publish","type":"page","link":"http:\/\/pravoslavnebrno.cz\/uk\/download\/","title":{"rendered":"Download"},"content":{"rendered":"<p><a href=\"http:\/\/pravoslavnebrno.cz\/wp-content\/uploads\/2018\/02\/Svat\u00ed-and\u011bl\u00e9-jejich-posl\u00e1n\u00ed-a-v\u00fdznam.pdf\">Svat\u00ed and\u011bl\u00e9, jejich posl\u00e1n\u00ed a v\u00fdznam<\/a><\/p>\n<p><a href=\"http:\/\/pravoslavnebrno.cz\/wp-content\/uploads\/2018\/02\/Sv.-Kosma-Etolsk\u00fd-a-\u0159e\u010dt\u00ed-osv\u011btitel\u00e9.pdf\">Sv. Kosma Etolsk\u00fd a \u0159e\u010dt\u00ed osv\u011btitel\u00e9<\/a><\/p>\n<p><a href=\"http:\/\/pravoslavnebrno.cz\/wp-content\/uploads\/2018\/02\/Sv.-Nekt\u00e1rios-Eginsk\u00fd-divotv\u016frce.pdf\">Sv. Nekt\u00e1rios Eginsk\u00fd, divotv\u016frce<\/a><\/p>\n<p><a href=\"http:\/\/pravoslavnebrno.cz\/wp-content\/uploads\/2019\/12\/P\u0159edn\u00e1\u0161ka_Svat\u00fd-divotv\u016frce-Nekt\u00e1rios-Eginsk\u00fd_\u017divot-d\u00edlo-a-z\u00e1zra\u010dn\u00e1-uzdraven\u00ed.pdf\">P\u0159edn\u00e1\u0161ka_Svat\u00fd divotv\u016frce Nekt\u00e1rios Eginsk\u00fd_\u017divot, d\u00edlo a z\u00e1zra\u010dn\u00e1 uzdraven\u00ed<\/a><\/p>\n<p><a href=\"http:\/\/pravoslavnebrno.cz\/wp-content\/uploads\/2018\/02\/Bohonosn\u00fd-starec-Paisij-Svatohorec.pdf\">Bohonosn\u00fd starec Paisij Svatohorec<\/a><\/p>\n<p><a href=\"http:\/\/pravoslavnebrno.cz\/wp-content\/uploads\/2018\/02\/O-jednot\u011b.-Archim.-Georgios-Grigoriatsk\u00fd-Kapsanis.pdf\">O jednot\u011b. Archim. Georgios Grigoriatsk\u00fd (Kapsanis)<\/a><\/p>\n<p><a href=\"http:\/\/pravoslavnebrno.cz\/wp-content\/uploads\/2018\/03\/Archim.-Georgios-o-ctihodn\u00e9m-K\u0159\u00ed\u017ei-Kristov\u011b.pdf\">Archim. Georgios o ctihodn\u00e9m K\u0159\u00ed\u017ei Kristov\u011b<\/a><\/p>\n<p><a href=\"http:\/\/pravoslavnebrno.cz\/wp-content\/uploads\/2018\/02\/Pravoslavn\u00e9-k\u0159es\u0165anstv\u00ed-Historicko-teologick\u00e9-paralely.pdf\">Pravoslavn\u00e9 k\u0159es\u0165anstv\u00ed &#8211; Historicko-teologick\u00e9 paralely<\/a><\/p>\n<p><a href=\"http:\/\/pravoslavnebrno.cz\/wp-content\/uploads\/2018\/05\/O-P\u0159esvat\u00e9-Bohorodici-a-teologick\u00fdch-v\u00fdchodisc\u00edch-\u00facty-pravoslavn\u00fdch-k\u0159es\u0165an\u016f-k-jej\u00ed-osob\u011b.pdf\">O P\u0159esvat\u00e9 Bohorodici a teologick\u00fdch v\u00fdchodisc\u00edch \u00facty pravoslavn\u00fdch k\u0159es\u0165an\u016f k jej\u00ed osob\u011b<\/a><\/p>\n<p><a href=\"http:\/\/pravoslavnebrno.cz\/wp-content\/uploads\/2018\/05\/P\u0159edpoklad-sp\u00e1sy-\u010dlov\u011bka-v-boholidsk\u00e9m-spole\u010denstv\u00ed-svat\u00e9-Kristovy-C\u00edrkve.pdf\">P\u0159edpoklad sp\u00e1sy \u010dlov\u011bka v boholidsk\u00e9m spole\u010denstv\u00ed svat\u00e9 Kristovy C\u00edrkve<\/a><\/p>\n<p><a href=\"http:\/\/pravoslavnebrno.cz\/wp-content\/uploads\/2018\/06\/Archim.-Georgios_Kapsanis.pdf\">Archim. Georgios_Kapsanis<\/a><\/p>\n<p><a href=\"http:\/\/pravoslavnebrno.cz\/wp-content\/uploads\/2018\/06\/Archim.-Georgios-Grigoriatsk\u00fd_O-sjednocen\u00ed-c\u00edrkv\u00ed.pdf\">Archim. Georgios Grigoriatsk\u00fd_O sjednocen\u00ed c\u00edrkv\u00ed<\/a><\/p>\n<p><a href=\"http:\/\/pravoslavnebrno.cz\/wp-content\/uploads\/2018\/07\/Archim.-Georgios-Grigoriatsk\u00fd_Svat\u00ed-a-v\u0161echvaln\u00ed-apo\u0161tol\u00e9.pdf\">Archim. Georgios Grigoriatsk\u00fd_Svat\u00ed a v\u0161echvaln\u00ed apo\u0161tol\u00e9<\/a><\/p>\n<p><a href=\"http:\/\/pravoslavnebrno.cz\/wp-content\/uploads\/2018\/07\/Dopis-svat\u00e9ho-Paisije-Svatohorce-na-duchovn\u00ed-t\u00e9mata.pdf\">Dopis svat\u00e9ho Paisije Svatohorce na duchovn\u00ed t\u00e9mata<\/a><\/p>\n<p><a href=\"http:\/\/pravoslavnebrno.cz\/wp-content\/uploads\/2018\/08\/Pravdiv\u00e1-l\u00e1ska-v-Kristu_Starec-Paisij-v-rozhovoru-s-jedn\u00edm-protestantem.pdf\">Pravdiv\u00e1 l\u00e1ska v Kristu_Starec Paisij v rozhovoru s jedn\u00edm protestantem<\/a><\/p>\n<p><a href=\"http:\/\/pravoslavnebrno.cz\/wp-content\/uploads\/2018\/08\/Archim.-Georgios-Grigoriatsk\u00fd_Slovo-ke-sv\u00e1tku-Prom\u011bn\u011bn\u00ed-P\u00e1n\u011b.pdf\">Archim. Georgios Grigoriatsk\u00fd_Slovo ke sv\u00e1tku Prom\u011bn\u011bn\u00ed P\u00e1n\u011b<\/a><\/p>\n<p><a href=\"http:\/\/pravoslavnebrno.cz\/wp-content\/uploads\/2018\/08\/Archim.-Georgios-Grigoriatsk\u00fd_Zesnut\u00ed-P\u0159esvat\u00e9-Bohorodice.pdf\">Archim. Georgios Grigoriatsk\u00fd_Zesnut\u00ed P\u0159esvat\u00e9 Bohorodice<\/a><\/p>\n<p><a href=\"http:\/\/pravoslavnebrno.cz\/wp-content\/uploads\/2018\/09\/Archim.-Georgios-Grigoriatsk\u00fd_Narozen\u00ed-P\u0159esvat\u00e9-Bohorodice.pdf\">Archim. Georgios Grigoriatsk\u00fd_Narozen\u00ed P\u0159esvat\u00e9 Bohorodice<\/a><\/p>\n<p><a href=\"http:\/\/pravoslavnebrno.cz\/wp-content\/uploads\/2018\/11\/Archim.-Georgios-Grigoriatsk\u00fd_Svat\u00fd-vlm\u010d.-Dimitrios-Solu\u0148sk\u00fd-Myroto\u010div\u00fd.pdf\">Archim. Georgios Grigoriatsk\u00fd_Svat\u00fd vlm\u010d. Dimitrios Solu\u0148sk\u00fd Myroto\u010div\u00fd<\/a><\/p>\n<p><a href=\"http:\/\/pravoslavnebrno.cz\/wp-content\/uploads\/2018\/11\/Archim.-Georgios-Grigoriatsk\u00fd_Svat\u00ed-Archand\u011bl\u00e9.pdf\">Archim. Georgios Grigoriatsk\u00fd_Svat\u00ed Archand\u011bl\u00e9<\/a><\/p>\n<p><a href=\"http:\/\/pravoslavnebrno.cz\/wp-content\/uploads\/2018\/11\/Archim.-Georgios-Grigoriatsk\u00fd_Svat\u00fd-Jan-Zlato\u00fast\u00fd.pdf\">Archim. Georgios Grigoriatsk\u00fd_Svat\u00fd Jan Zlato\u00fast\u00fd<\/a><\/p>\n<p><a href=\"http:\/\/pravoslavnebrno.cz\/wp-content\/uploads\/2018\/11\/Svat\u00fd-Jan-Zlato\u00fast\u00fd-a-mision\u00e1\u0159i_Nipsis.pdf\">Svat\u00fd Jan Zlato\u00fast\u00fd a mision\u00e1\u0159i_Nipsis<\/a><\/p>\n<p><a href=\"http:\/\/pravoslavnebrno.cz\/wp-content\/uploads\/2018\/11\/Archim.-Georgios-Grigoriatsk\u00fd-Sv\u00e1tek-Uveden\u00ed-P\u0159esvat\u00e9-Bohorodice-do-chr\u00e1mu.pdf\">Archim. Georgios Grigoriatsk\u00fd Sv\u00e1tek Uveden\u00ed P\u0159esvat\u00e9 Bohorodice do chr\u00e1mu<\/a><\/p>\n<p><a href=\"http:\/\/pravoslavnebrno.cz\/wp-content\/uploads\/2018\/12\/Archim.-Georgios-Grigoriatsk\u00fd_Sv\u00e1tek-svat\u00e9ho-divotv\u016frce-Mikul\u00e1\u0161e-z-Myr-Lykejsk\u00fdch.pdf\">Archim. Georgios Grigoriatsk\u00fd_Sv\u00e1tek svat\u00e9ho divotv\u016frce Mikul\u00e1\u0161e z Myr Lykejsk\u00fdch<\/a><\/p>\n<p><a href=\"http:\/\/pravoslavnebrno.cz\/wp-content\/uploads\/2019\/01\/Archim.-Georgios-Grigoriatsk\u00fd_Narozen\u00ed-na\u0161eho-P\u00e1na-Je\u017e\u00ed\u0161e-Krista.pdf\">Archim. Georgios Grigoriatsk\u00fd_Narozen\u00ed na\u0161eho P\u00e1na Je\u017e\u00ed\u0161e Krista<\/a><\/p>\n<p><a href=\"http:\/\/pravoslavnebrno.cz\/wp-content\/uploads\/2019\/01\/Archim.-Georgios-Homilie-ke-sv\u00e1tku-Bohozjeven\u00ed-na\u0161eho-P\u00e1na-Je\u017e\u00ed\u0161e-Krista.pdf\">Archim. Georgios Homilie ke sv\u00e1tku Bohozjeven\u00ed na\u0161eho P\u00e1na Je\u017e\u00ed\u0161e Krista<\/a><\/p>\n<p><a href=\"http:\/\/pravoslavnebrno.cz\/wp-content\/uploads\/2019\/03\/Archim.-Georgios-Homilie-v-Ned\u011bli-Syropustn\u00ed_P\u0159ed-za\u010d\u00e1tkem-svat\u00e9-\u010cty\u0159ic\u00e1tnice.pdf\">Archim. Georgios Homilie v Ned\u011bli Syropustn\u00ed_P\u0159ed za\u010d\u00e1tkem svat\u00e9 \u010cty\u0159ic\u00e1tnice<\/a><\/p>\n<p><a href=\"http:\/\/pravoslavnebrno.cz\/wp-content\/uploads\/2019\/03\/Archim.-Georgios-Homilie-p\u0159i-p\u0159\u00edle\u017eitosti-Ned\u011ble-Pravoslav\u00ed.pdf\">Archim. Georgios Homilie p\u0159i p\u0159\u00edle\u017eitosti Ned\u011ble Pravoslav\u00ed<\/a><\/p>\n<p><a href=\"http:\/\/pravoslavnebrno.cz\/wp-content\/uploads\/2019\/04\/Archim.-Georgios-Homilie-p\u0159i-p\u0159\u00edle\u017eitosti-4.-Ned\u011ble-Postn\u00ed_Sv.-Jan-Klimakos.pdf\">Archim. Georgios Homilie p\u0159i p\u0159\u00edle\u017eitosti 4. Ned\u011ble Postn\u00ed_Sv. Jan Klimakos<\/a><\/p>\n<p><a href=\"http:\/\/pravoslavnebrno.cz\/wp-content\/uploads\/2019\/06\/Archim.-Georgios-Homilie-p\u0159i-p\u0159\u00edle\u017eitosti-svat\u00e9-Pades\u00e1tnice_1985.pdf\">Archim. Georgios Homilie p\u0159i p\u0159\u00edle\u017eitosti svat\u00e9 Pades\u00e1tnice_1985<\/a><\/p>\n<p><a href=\"http:\/\/pravoslavnebrno.cz\/wp-content\/uploads\/2019\/08\/Archim.-Georgios-Homilie-p\u0159i-p\u0159\u00edle\u017eitosti-sv\u00e1tku-Zesnut\u00ed-P\u0159esv.-Bohorodice_1985.pdf\">Archim. Georgios Homilie p\u0159i p\u0159\u00edle\u017eitosti sv\u00e1tku Zesnut\u00ed P\u0159esv. Bohorodice_1985<\/a><\/p>\n<p><a href=\"http:\/\/pravoslavnebrno.cz\/wp-content\/uploads\/2019\/10\/Archim.-Georgios-Grigoriatsk\u00fd-Kapsanis_O-ekumenismu.pdf\">Archim. Georgios Grigoriatsk\u00fd (Kapsanis)_O ekumenismu<\/a><\/p>\n<p><a href=\"http:\/\/pravoslavnebrno.cz\/wp-content\/uploads\/2019\/10\/Archim.-Georgios-Grigoriatsk\u00fd_\u010c\u00edm-v\u00edce-se-\u010dlov\u011bk-zbavuje-egoismu....pdf\">Archim. Georgios Grigoriatsk\u00fd_\u010c\u00edm v\u00edce se \u010dlov\u011bk zbavuje egoismu&#8230;<\/a><\/p>\n<p><a href=\"http:\/\/pravoslavnebrno.cz\/wp-content\/uploads\/2019\/11\/Archim.-Georgios-Grigoriatsk\u00fd_O-Bo\u017esk\u00e9-Eucharistii-1987.pdf\">Archim. Georgios Grigoriatsk\u00fd_O Bo\u017esk\u00e9 Eucharistii (1987)<\/a><\/p>\n<p><a href=\"http:\/\/pravoslavnebrno.cz\/wp-content\/uploads\/2019\/12\/Jeromonach-Luk\u00e1\u0161-Grigoriatsk\u00fd_Svat\u00fd-Justin-Popovi\u010d-podle-archim.-Georgia-Grigoriatsk\u00e9ho.pdf\">Jeromonach Luk\u00e1\u0161 Grigoriatsk\u00fd_Svat\u00fd Justin Popovi\u010d podle archim. Georgia Grigoriatsk\u00e9ho<\/a><\/p>\n<p><a href=\"http:\/\/pravoslavnebrno.cz\/wp-content\/uploads\/2020\/01\/Starec-Efr\u00e9m-Arizonsk\u00fd-Filothejsk\u00fd_Narozen\u00ed-Kristovo.pdf\">Starec Efr\u00e9m Arizonsk\u00fd-Filothejsk\u00fd_Narozen\u00ed Kristovo<\/a><\/p>\n<p><a href=\"http:\/\/pravoslavnebrno.cz\/wp-content\/uploads\/2020\/03\/Archim.-Georgios-Grigoriatsk\u00fd_Ned\u011ble-Pravoslav\u00ed_Homilie-II..pdf\">Archim. Georgios Grigoriatsk\u00fd_Ned\u011ble Pravoslav\u00ed_Homilie II.<\/a><\/p>\n<p><a href=\"http:\/\/pravoslavnebrno.cz\/wp-content\/uploads\/2020\/03\/Starec-Efr\u00e9m-Arizonsk\u00fd-Filothejsk\u00fd_Z\u00e1pas-Velk\u00e9-\u010dty\u0159ic\u00e1tnice.pdf\">Starec Efr\u00e9m Arizonsk\u00fd-Filothejsk\u00fd_Z\u00e1pas Velk\u00e9 \u010dty\u0159ic\u00e1tnice<\/a><\/p>\n<p style=\"text-align: left;\"><a href=\"http:\/\/pravoslavnebrno.cz\/wp-content\/uploads\/2020\/06\/Spole\u010densk\u00fd-rozm\u011br-pravoslavn\u00e9-duchovnosti_T\u0159eb\u00ed\u010d_12.6.2020.pdf\">Spole\u010densk\u00fd rozm\u011br pravoslavn\u00e9 duchovnosti_T\u0159eb\u00ed\u010d_12.6.2020<\/a><\/p>\n<p><a href=\"http:\/\/pravoslavnebrno.cz\/wp-content\/uploads\/2022\/08\/Archim.-Georgios-Grigoriatsky_Svatek-svateho-proroka-Eliase-Thesbitskeho.pdf\">Archim. Georgios Grigoriatsk\u00fd_Sv\u00e1tek svat\u00e9ho proroka Eli\u00e1\u0161e Thesbitsk\u00e9ho<\/a><\/p>\n<p>D\u0159\u00edve vydan\u00e1 \u010d\u00edsla brn\u011bnsk\u00e9ho pravoslavn\u00e9ho v\u011bstn\u00edku &#8220;Dobr\u00fd past\u00fd\u0159&#8221; (2003-2007):<\/p>\n<p><a href=\"http:\/\/pravoslavnebrno.cz\/wp-content\/uploads\/2019\/12\/Dobr\u00fd-past\u00fd\u0159_ro\u010d.-2007-\u010d.-17.pdf\">Dobr\u00fd past\u00fd\u0159_ro\u010d. 2007 \u010d. 17<\/a> <a href=\"http:\/\/pravoslavnebrno.cz\/wp-content\/uploads\/2019\/12\/Dobr\u00fd-past\u00fd\u0159_ro\u010d.-2007-\u010d.-16.pdf\">Dobr\u00fd past\u00fd\u0159_ro\u010d. 2007 \u010d. 16<\/a> <a href=\"http:\/\/pravoslavnebrno.cz\/wp-content\/uploads\/2019\/12\/Dobr\u00fd-past\u00fd\u0159_ro\u010d.-2007-\u010d.-15.pdf\">Dobr\u00fd past\u00fd\u0159_ro\u010d. 2007 \u010d. 15<\/a> <a href=\"http:\/\/pravoslavnebrno.cz\/wp-content\/uploads\/2019\/12\/Dobr\u00fd-past\u00fd\u0159_ro\u010d.-2006-\u010d.-14.pdf\">Dobr\u00fd past\u00fd\u0159_ro\u010d. 2006 \u010d. 14<\/a> <a href=\"http:\/\/pravoslavnebrno.cz\/wp-content\/uploads\/2019\/12\/Dobr\u00fd-past\u00fd\u0159_ro\u010d.-2006-\u010d.-13.pdf\">Dobr\u00fd past\u00fd\u0159_ro\u010d. 2006 \u010d. 13<\/a> <a href=\"http:\/\/pravoslavnebrno.cz\/wp-content\/uploads\/2019\/12\/Dobr\u00fd-past\u00fd\u0159_ro\u010d.-2006-\u010d.-12.pdf\">Dobr\u00fd past\u00fd\u0159_ro\u010d. 2006 \u010d. 12<\/a>\u00a0<a href=\"http:\/\/pravoslavnebrno.cz\/wp-content\/uploads\/2018\/03\/Dobr\u00fd-past\u00fd\u0159_ro\u010d.-2006-\u010d.-11.pdf\">Dobr\u00fd past\u00fd\u0159_ro\u010d. 2006 \u010d. 11<\/a> <a href=\"http:\/\/pravoslavnebrno.cz\/wp-content\/uploads\/2019\/12\/Dobr\u00fd-past\u00fd\u0159_ro\u010d.-2005-\u010d.-10.pdf\">Dobr\u00fd past\u00fd\u0159_ro\u010d. 2005 \u010d. 10<\/a> <a href=\"http:\/\/pravoslavnebrno.cz\/wp-content\/uploads\/2019\/12\/Dobr\u00fd-past\u00fd\u0159_ro\u010d.-2005-\u010d.-9.pdf\">Dobr\u00fd past\u00fd\u0159_ro\u010d. 2005 \u010d. 9<\/a>\u00a0<a href=\"http:\/\/pravoslavnebrno.cz\/wp-content\/uploads\/2018\/03\/Dobr\u00fd-past\u00fd\u0159_ro\u010d.-2005-\u010d.-8.pdf\">Dobr\u00fd past\u00fd\u0159_ro\u010d. 2005 \u010d. 8<\/a> <a href=\"http:\/\/pravoslavnebrno.cz\/wp-content\/uploads\/2018\/03\/Dobr\u00fd-past\u00fd\u0159_ro\u010d.-2005-\u010d.-7.pdf\">Dobr\u00fd past\u00fd\u0159_ro\u010d. 2005 \u010d. 7<\/a> <a href=\"http:\/\/pravoslavnebrno.cz\/wp-content\/uploads\/2018\/03\/Dobr\u00fd-past\u00fd\u0159_ro\u010d.-2004-\u010d.-6.pdf\">Dobr\u00fd past\u00fd\u0159_ro\u010d. 2004 \u010d. 6<\/a> <a href=\"http:\/\/pravoslavnebrno.cz\/wp-content\/uploads\/2018\/03\/Dobr\u00fd-past\u00fd\u0159_ro\u010d.-2004-\u010d.-5.pdf\">Dobr\u00fd past\u00fd\u0159_ro\u010d. 2004 \u010d. 5<\/a> <a href=\"http:\/\/pravoslavnebrno.cz\/wp-content\/uploads\/2018\/03\/Dobr\u00fd-past\u00fd\u0159_ro\u010d.-2004-\u010d.-4.pdf\">Dobr\u00fd past\u00fd\u0159_ro\u010d. 2004 \u010d. 4<\/a> <a href=\"http:\/\/pravoslavnebrno.cz\/wp-content\/uploads\/2018\/03\/Dobr\u00fd-past\u00fd\u0159_ro\u010d.-2004-\u010d.-3.pdf\">Dobr\u00fd past\u00fd\u0159_ro\u010d. 2004 \u010d. 3<\/a> <a href=\"http:\/\/pravoslavnebrno.cz\/wp-content\/uploads\/2018\/03\/Dobr\u00fd-past\u00fd\u0159_ro\u010d.-2004-\u010d.-2.pdf\">Dobr\u00fd past\u00fd\u0159_ro\u010d. 2004 \u010d. 2<\/a> <a href=\"http:\/\/pravoslavnebrno.cz\/wp-content\/uploads\/2018\/03\/Dobr\u00fd-past\u00fd\u0159_ro\u010d.-2003-\u010d.-1.pdf\">Dobr\u00fd past\u00fd\u0159_ro\u010d. 2003 \u010d. 1<\/a><\/p>\n<p>&nbsp;<\/p>\n<p>&nbsp;<\/p>\n","protected":false},"excerpt":{"rendered":"<p>Svat\u00ed and\u011bl\u00e9, jejich posl\u00e1n\u00ed a v\u00fdznam Sv. Kosma Etolsk\u00fd a \u0159e\u010dt\u00ed osv\u011btitel\u00e9 Sv. Nekt\u00e1rios Eginsk\u00fd, divotv\u016frce P\u0159edn\u00e1\u0161ka_Svat\u00fd divotv\u016frce Nekt\u00e1rios Eginsk\u00fd_\u017divot, d\u00edlo a z\u00e1zra\u010dn\u00e1 uzdraven\u00ed Bohonosn\u00fd starec Paisij Svatohorec O jednot\u011b. Archim. Georgios Grigoriatsk\u00fd (Kapsanis) Archim. Georgios o ctihodn\u00e9m K\u0159\u00ed\u017ei Kristov\u011b Pravoslavn\u00e9 k\u0159es\u0165anstv\u00ed &#8211; Historicko-teologick\u00e9 paralely O P\u0159esvat\u00e9 Bohorodici a teologick\u00fdch v\u00fdchodisc\u00edch \u00facty pravoslavn\u00fdch k\u0159es\u0165an\u016f k&#8230;<\/p>\n","protected":false},"author":1,"featured_media":0,"parent":0,"menu_order":0,"comment_status":"closed","ping_status":"closed","template":"","meta":{"jetpack_post_was_ever_published":false,"footnotes":""},"class_list":["post-104","page","type-page","status-publish","hentry"],"jetpack_sharing_enabled":true,"jetpack_shortlink":"https:\/\/wp.me\/P9GyX2-1G","jetpack-related-posts":[],"_links":{"self":[{"href":"http:\/\/pravoslavnebrno.cz\/uk\/wp-json\/wp\/v2\/pages\/104","targetHints":{"allow":["GET"]}}],"collection":[{"href":"http:\/\/pravoslavnebrno.cz\/uk\/wp-json\/wp\/v2\/pages"}],"about":[{"href":"http:\/\/pravoslavnebrno.cz\/uk\/wp-json\/wp\/v2\/types\/page"}],"author":[{"embeddable":true,"href":"http:\/\/pravoslavnebrno.cz\/uk\/wp-json\/wp\/v2\/users\/1"}],"replies":[{"embeddable":true,"href":"http:\/\/pravoslavnebrno.cz\/uk\/wp-json\/wp\/v2\/comments?post=104"}],"version-history":[{"count":69,"href":"http:\/\/pravoslavnebrno.cz\/uk\/wp-json\/wp\/v2\/pages\/104\/revisions"}],"predecessor-version":[{"id":16917,"href":"http:\/\/pravoslavnebrno.cz\/uk\/wp-json\/wp\/v2\/pages\/104\/revisions\/16917"}],"wp:attachment":[{"href":"http:\/\/pravoslavnebrno.cz\/uk\/wp-json\/wp\/v2\/media?parent=104"}],"curies":[{"name":"wp","href":"https:\/\/api.w.org\/{rel}","templated":true}]}}