{"id":414,"date":"2018-02-26T20:14:28","date_gmt":"2018-02-26T19:14:28","guid":{"rendered":"http:\/\/pravoslavbrno.cz\/?page_id=414"},"modified":"2018-02-26T21:02:42","modified_gmt":"2018-02-26T20:02:42","slug":"zacatky-pravoslavi-v-brne","status":"publish","type":"page","link":"http:\/\/pravoslavnebrno.cz\/ru\/pravoslavna-cirkev-v-ceskych-zemich-a-na-slovensku\/strucne-o-historii-a-soucasnosti-nasi-farnosti\/zacatky-pravoslavi-v-brne\/","title":{"rendered":"Za\u010d\u00e1tky pravoslav\u00ed v Brn\u011b"},"content":{"rendered":"<p><i> Abychom docenili v\u00fdznam \u010dasto nadlidsk\u00e9 pr\u00e1ce n\u011bkter\u00fdch v\u00fdznamn\u00fdch osobnost\u00ed na\u0161\u00ed farnosti, mus\u00edme stanout uprost\u0159ed chr\u00e1mu, jen\u017e byl jejich p\u0159isp\u011bn\u00edm postaven, otev\u0159\u00edt knihu, j\u00ed\u017e zasv\u011btili \u010dasto cel\u00fd sv\u016fj \u017eivot, anebo rozmlouvat s pam\u011btn\u00edkem, kter\u00fd st\u00e1l p\u0159i zrodu farnosti a nyn\u00ed vyd\u00e1v\u00e1 dlouho ukr\u00fdvan\u00e9 sv\u011bdectv\u00ed. Nahl\u00e9dn\u011bme tedy nejprve do kroniky na\u0161\u00ed farnosti, ji\u017e za\u010dal ps\u00e1t pam\u00e1tn\u00e9ho roku 1924 bratr Franti\u0161ek Jakub\u00ed\u010dek. <\/i><\/p>\n<p>Po\u010d\u00e1tky pravoslavn\u00e9 organizace v Brn\u011b sahaj\u00ed vlastn\u011b a\u017e k prosinci roku <b>1920<\/b>, kdy brn\u011bnsk\u00e1 n\u00e1bo\u017eensk\u00e1 obec tehdej\u0161\u00ed C\u00edrkve \u010deskoslovensk\u00e9 uspo\u0159\u00e1dala v Besedn\u00edm dom\u011b p\u0159edn\u00e1\u0161ku dr. Karla Farsk\u00e9ho. Nov\u011b vznikaj\u00edc\u00ed n\u00e1rodn\u00ed C\u00edrkev \u010deskoslovensk\u00e1 se brzy po sv\u00e9m po\u010d\u00e1tku stala rodnou dcerou Srbsk\u00e9 pravoslavn\u00e9 c\u00edrkve, od n\u00ed\u017e p\u0159ij\u00edmala kanonickou posloupnost. Tento vztah byl stvrzen vysv\u011bcen\u00edm prvn\u00edho novodob\u00e9ho \u010desk\u00e9ho biskupa pravoslavn\u00e9ho, pozd\u011bj\u0161\u00edho mu\u010dedn\u00edka sv. Gorazda. V \u010ceskoslovensk\u00e9 c\u00edrkvi v\u0161ak nakonec p\u0159ev\u00e1\u017eil siln\u00fd radik\u00e1ln\u00ed proud, kter\u00fd odm\u00edtl pravoslavnou orientaci a strhl na svou stranu v\u011bt\u0161inu dosavadn\u00edch \u010dlen\u016f. Rozkol v\u00a0nov\u00e9 c\u00edrkvi se projevil z\u00e1konit\u011b i v Brn\u011b, a tak byli zdej\u0161\u00ed p\u0159esv\u011bd\u010den\u00ed zast\u00e1nci pravoslav\u00ed, v\u011brn\u00ed sv\u00e9mu arcipast\u00fd\u0159i Gorazdovi, nuceni vystoupit z\u00a0\u010ceskoslovensk\u00e9 c\u00edrkve a zalo\u017eit novou brn\u011bnskou n\u00e1bo\u017eenskou obec pravoslavnou. V jejich \u010dele tehdy stoj\u00ed nezapomenuteln\u00fd duchovn\u00ed V\u00e1clav \u0160ev\u010d\u00edk. Jedno sto korun \u010desk\u00fdch tvo\u0159ilo tehdy prvn\u00ed hmotnou rezervu, ke kter\u00e9 postupn\u011b p\u0159ib\u00fdvaly dal\u0161\u00ed.<\/p>\n<p>Bylo t\u0159eba zabezpe\u010dit prostory ke kon\u00e1n\u00ed bohoslu\u017eeb, je\u017e se v\u016fbec poprv\u00e9 konaly dne 14. z\u00e1\u0159\u00ed <b>1924<\/b> v Besedn\u00edm dom\u011b v\u00a0Kr\u00e1lov\u011b Poli a pozd\u011bji byly p\u0159esunuty do m\u00edstnosti lycea na Husov\u011b t\u0159\u00edd\u011b. Prvn\u00ed sv. liturgie byla slou\u017eena duchovn\u00edm o. Rezkem z Olomouce a \u00fa\u010dastnilo se j\u00ed asi sto osob. Dal\u0161\u00ed v\u011b\u0159\u00edc\u00ed rychle p\u0159ib\u00fdvali. Mezi hlavn\u00ed pil\u00ed\u0159e brn\u011bnsk\u00e9 farnosti pat\u0159ili od po\u010d\u00e1tku o. \u0160ev\u010d\u00edk, dr. Sold\u00e1t, br. Zezula, br. Petr\u017eilka, sestra Studen\u00e1 aj. Ti v\u0161ichni a mnoz\u00ed dal\u0161\u00ed se nesmazateln\u011b vepsali do historie na\u0161\u00ed farnosti. Za\u010dala usilovn\u00e1 pr\u00e1ce, sm\u011b\u0159ovan\u00e1 k zaji\u0161t\u011bn\u00ed z\u00e1kladn\u00edch liturgick\u00fdch, duchovn\u00edch i materi\u00e1ln\u00edch pot\u0159eb farnosti, v neposledn\u00ed \u0159ad\u011b bohoslu\u017eebn\u00e9ho zp\u011bvu.<\/p>\n<div class=\"obrpopisr\">\n<p><img loading=\"lazy\" decoding=\"async\" class=\"meritko aligncenter\" title=\"\" src=\"http:\/\/www.pravoslavi.cz\/brnofoto\/00historie\/img00005.jpg\" alt=\"Sv\u011bcen\u00ed z\u00e1kladn\u00edho kamene 6.7.1930 - vl. Gorazd\" width=\"419\" height=\"641\" \/><\/p>\n<p style=\"text-align: center;\"><em>Sv\u011bcen\u00ed z\u00e1kladn\u00edho kamene <\/em><br \/>\n<em>6.7.1930 &#8212; vl. Gorazd<\/em><\/p>\n<\/div>\n<p>V roce <b>1925<\/b> byla ustanovena rada star\u0161\u00edch, v jej\u00edm\u017e \u010dele stanul dr. Sold\u00e1t. Intenzivn\u011b se spolupracovalo i se z\u00e1stupci rusk\u00e9ho pravoslav\u00ed v Brn\u011b, jejich\u017e sbor \u010dasto zp\u00edval p\u0159i c\u00edrkevn\u00edch ob\u0159adech brn\u011bnsk\u00e9 obce. Za\u010daly se konat bohoslu\u017eby, panychidy za zem\u0159el\u00e9, p\u0159edn\u00e1\u0161ky o pravoslav\u00ed a postupn\u011b i sb\u00edrky na budouc\u00ed chr\u00e1m, zbudovan\u00fd a\u017e v roce 1931. Jak Z historie pravoslav\u00ed v\u00a0Brn\u011b podot\u00fdk\u00e1 s\u00e1m spisovatel na\u0161\u00ed kroniky p. Franti\u0161ek Jakub\u00ed\u010dek, \u201eza\u010d\u00e1tky byly t\u011b\u017ek\u00e9: majetek sest\u00e1val z bohoslu\u017eebn\u00fdch n\u00e1dob a rouch a kancel\u00e1\u0159sk\u00e9ho za\u0159\u00edzen\u00ed, kter\u00e9 jsme museli p\u0159i odchodu ponechat c\u00edrkvi \u010deskoslovensk\u00e9 (&#8230;) Bylo proti n\u00e1m bojov\u00e1no pomluvami, tiskem i \u00fastn\u011b, \u017ee jsme zaostal\u00ed, \u017ee jsme se odcizili ide\u00e1l\u016fm husitsk\u00fdm a \u010deskobratrsk\u00fdm apod.,\u201c dod\u00e1v\u00e1 n\u00e1\u0161 kronik\u00e1\u0159.<!--more--><\/p>\n<p>V roce <b>1926<\/b> bylo dosp\u011bl\u00fdch \u010dlen\u016f brn\u011bnsk\u00e9 obce jen 148 a d\u011bt\u00ed 29. Ve stejn\u00fd rok se do Brna vr\u00e1til pozd\u011bj\u0161\u00ed druh\u00fd duchovn\u00ed o. Petr Kauer, jen\u017e studoval v\u00edce ne\u017e 12 m\u011bs\u00edc\u016f pravoslavnou teologii v Jugosl\u00e1vii na pozv\u00e1n\u00ed Jeho P\u0159eosv\u00edcenosti vladyky Dositeje ni\u0161sk\u00e9ho. Postupn\u011b p\u0159ib\u00fdvalo bohoslu\u017eebn\u00fdch rouch, liturgick\u00fdch n\u00e1dob a dal\u0161\u00edho farn\u00edho vybaven\u00ed d\u00edky finan\u010dn\u00edm dar\u016fm sestry Studen\u00e9, sester Sonnevendov\u00fdch a Homolov\u00fdch, sestry Tesa\u0159\u00edkov\u00e9, Tomanov\u00e9 a mnoha dal\u0161\u00edch. Rusk\u00e9 Bratrstvo ctihodn\u00e9ho Sergije Radon\u011b\u017esk\u00e9ho zap\u016fj\u010dilo na\u0161\u00ed obci Pl\u00e1\u0161t\u011bnici a trojit\u00fd sv\u00edcen k\u00a0bohoslu\u017eb\u00e1m a je\u0161t\u011b toho roku zp\u00edvalo spolu s brn\u011bnsk\u00fdm sborem p\u0159i slavnosti pravoslavn\u00e9 Paschy.<\/p>\n<p>V roce <b>1927<\/b> bylo v\u011b\u0159\u00edc\u00edch pravoslavn\u00e9 obce v Brn\u011b u\u017e 251 a p\u0159\u00edjem na dani n\u00e1bo\u017eensk\u00e9 \u010dinil 12.742 K\u010d. V t\u00e9m\u017ee roce se sbormistrovsk\u00e9 funkce ujal Petr \u017derd\u011bv, rusk\u00fd vysoko\u0161kolsk\u00fd student, s odm\u011bnou 100 K\u010d m\u011bs\u00ed\u010dn\u011b. 19. \u010dervna nav\u0161t\u00edvil na\u0161i farnost vladyka Gorazd a slou\u017eil slavnostn\u00ed archijerejskou liturgii spolu s duchovn\u00edm o. \u0160ev\u010d\u00edkem a o. Nerudou z Kounic. Koncem r. 1927 se \u010de\u0161t\u00ed pravoslavn\u00ed z\u00fa\u010dastnili t\u00e9\u017e archijerejsk\u00e9 liturgie pra\u017esk\u00e9ho vladyky Sergije, kter\u00fd nav\u0161t\u00edvil zdej\u0161\u00ed obec rusk\u00fdch emigrant\u016f. S vladykou Sergijem slou\u017eili o. \u0160ev\u010d\u00edk, o. Van\u011bk, o. Neruda a dal\u0161\u00ed kn\u011b\u017e\u00ed.<\/p>\n<p>Rok <b>1928<\/b> byl poznamen\u00e1n postupn\u00fdmi p\u0159\u00edpravami ke stavb\u011b chr\u00e1mu sv. V\u00e1clava: doch\u00e1zelo k \u010dast\u00fdm sb\u00edrk\u00e1m, obec \u017e\u00e1dala m\u011bsto o vhodn\u00fd pozemek, byl vypracov\u00e1n prvn\u00ed architektonick\u00fd n\u00e1vrh chr\u00e1mu. Ve stejn\u00e9m roce byla uskute\u010dn\u011bna na\u0161\u00ed obc\u00ed ve\u0159ejn\u00e1 p\u0159edn\u00e1\u0161ka dr. Sold\u00e1ta, p\u0159edsedy sboru star\u0161\u00edch, na t\u00e9ma \u201eJak mluv\u00ed pravoslavn\u00fd chr\u00e1m k lidsk\u00e9 du\u0161i\u201c. P\u0159i\u0161lo mnoho lid\u00ed, kte\u0159\u00ed se up\u0159\u00edmn\u011b zaj\u00edmali o pravoslav\u00ed. \u017d\u00e1dost o stavebn\u00ed m\u00edsto ke stavb\u011b chr\u00e1mu na ulici Kounicov\u011b u M\u011bstsk\u00e9ho soudu byla v\u0161ak, podobn\u011b jako p\u0159ede\u0161l\u00e9 \u017e\u00e1dosti, odm\u00edtnuta. Byla proto pod\u00e1na nov\u00e1 \u017e\u00e1dost o stavebn\u00ed m\u00edsto na \u0160pilberku.<\/p>\n<p><img decoding=\"async\" class=\"meritko aligncenter\" title=\"\" src=\"http:\/\/www.pravoslavi.cz\/brnofoto\/00historie\/img00006.jpg\" alt=\"Zleva: vladykov\u00e9 Gorazd, Josif Bitolsk\u00fd a Sergij Pra\u017esk\u00fd p\u0159i vysv\u011bcen\u00ed chr\u00e1mu (25.5.1931)\" \/><\/p>\n<p style=\"text-align: center;\"><em>Zleva: vladykov\u00e9 Gorazd, Josif Bitolsk\u00fd a Sergij Pra\u017esk\u00fd p\u0159i vysv\u011bcen\u00ed chr\u00e1mu (25.5.1931)<\/em><\/p>\n<p>V roce <b>1929<\/b> p\u0159isl\u00edbil ing. arch. Petr Levick\u00fd vypracovat zdarma pl\u00e1n chr\u00e1mu. M\u011bstsk\u00e1 rada brn\u011bnsk\u00e1 vydala souhlas s prodejem pozemku a stavbou chr\u00e1mu, ji\u017e m\u011bl prov\u00e9st stavitel Vladim\u00edr Stav\u00ed\u010dek. \u010cesk\u00e1 pravoslavn\u00e1 c\u00edrkev spole\u010dn\u011b oslavila 1000. v\u00fdro\u010d\u00ed mu\u010dednick\u00e9 smrti sv. V\u00e1clava. Byl zalo\u017een Krou\u017eek pravoslavn\u00e9 ml\u00e1de\u017ee, kter\u00fd spolupracoval s\u00a0hnut\u00edm rusk\u00fdch student\u016f a jen\u017e se v pozd\u011bj\u0161\u00edch letech p\u0159etvo\u0159il v m\u00edstn\u00ed Besedu pravoslavn\u00e9 ml\u00e1de\u017ee. K aktivit\u00e1m spolku pat\u0159ily i kursy ru\u0161tiny. Od roku 1924 bylo vykon\u00e1no 76 k\u0159t\u016f, 40 svateb a 45 poh\u0159b\u016f. Na \u00fa\u010dtu ke stavb\u011b chr\u00e1mu bylo v t\u00e9 dob\u011b 239 tis\u00edc K\u010d. Nejv\u011bt\u0161\u00edm finan\u010dn\u00edm obnosem, kter\u00fd pokryl t\u00e9m\u011b\u0159 polovinu v\u00fddaj\u016f spojen\u00fdch s v\u00fdstavbou budouc\u00edho chr\u00e1mu, p\u0159isp\u011bla nezapomenuteln\u00e1 sestra Pravomila\u00a0Studen\u00e1.<\/p>\n<div class=\"obrpopisc\">\n<p style=\"text-align: center;\"><img decoding=\"async\" class=\"meritko aligncenter\" title=\"\" src=\"http:\/\/www.pravoslavi.cz\/brnofoto\/00historie\/img00008.jpg\" alt=\"Chr\u00e1m po dokon\u010den\u00ed v r. 1931\" \/><\/p>\n<\/div>\n<div class=\"obrpopisr\">\n<p style=\"text-align: center;\"><em>Chr\u00e1m po dokon\u010den\u00ed v r. 1931<\/em><\/p>\n<\/div>\n<p>V roce <b>1930<\/b> se v Besedn\u00edm dom\u011b v Brn\u011b konal koncert duchovn\u00edch p\u00edsn\u00ed. S\u00e1l byl vyprod\u00e1n, \u00fa\u010dinkovali s\u00f3list\u00e9, n\u00e1\u0161 chr\u00e1mov\u00fd sbor, ale t\u00e9\u017e mu\u017esk\u00fd sbor rusk\u00e9 ml\u00e1de\u017ee, jej\u017e \u0159\u00eddil dirigent \u017derd\u011bv. Akce se setkala s velk\u00fdm mor\u00e1ln\u00edm i finan\u010dn\u00edm \u00fasp\u011bchem. Dne 6. \u010dervence byl polo\u017een z\u00e1kladn\u00ed k\u00e1men ke stavb\u011b chr\u00e1mu. Archijerejsk\u00e1 sv. liturgie byla slou\u017eena v\u00a0improvizovan\u00e9 kapli n\u011bmeck\u00e9ho d\u00edv\u010d\u00edho gymn\u00e1zia na Husov\u011b t\u0159\u00edd\u011b. Pot\u00e9 se v\u011b\u0159\u00edc\u00ed odebrali na \u0160pilberk, kde byl za \u00fa\u010dasti mnoha host\u00ed i z\u00e1stupc\u016f r\u016fzn\u00fdch c\u00edrkv\u00ed polo\u017een a posv\u011bcen z\u00e1kladn\u00ed k\u00e1men na\u0161eho chr\u00e1mu ke cti sv. V\u00e1clava. \u010cestn\u00e9ho \u00fakolu se ujal s\u00e1m vladyka Gorazd. Polo\u017een\u00ed z\u00e1kladn\u00edho kamene brn\u011bnsk\u00e9ho chr\u00e1mu se stalo velkou ud\u00e1lost\u00ed a sv\u011bdectv\u00edm nezdoln\u00e9 \u017eivotaschopnosti pravoslav\u00ed uprost\u0159ed na\u0161eho n\u00e1roda, v jeho\u017e historii m\u011blo b\u00fdt n\u011bkolikr\u00e1t vyhubeno cokoli, co p\u0159ipom\u00ednalo v\u00fdchodn\u00ed k\u0159es\u0165anstv\u00ed. Prvn\u00ed brn\u011bnsk\u00fd duchovn\u00ed prot. V\u00e1clav \u0160ev\u010d\u00edk se nov\u00e9ho chr\u00e1mu ji\u017e nedo\u010dkal. 25. srpna, kr\u00e1tce po v\u00fdkopov\u00fdch prac\u00edch na z\u00e1kladu chr\u00e1mu, byl sti\u017een infarktem p\u0159i proch\u00e1zce lesem&#8230;<\/p>\n<p>&nbsp;<\/p>\n","protected":false},"excerpt":{"rendered":"<p>Abychom docenili v\u00fdznam \u010dasto nadlidsk\u00e9 pr\u00e1ce n\u011bkter\u00fdch v\u00fdznamn\u00fdch osobnost\u00ed na\u0161\u00ed farnosti, mus\u00edme stanout uprost\u0159ed chr\u00e1mu, jen\u017e byl jejich p\u0159isp\u011bn\u00edm postaven, otev\u0159\u00edt knihu, j\u00ed\u017e zasv\u011btili \u010dasto cel\u00fd sv\u016fj \u017eivot, anebo rozmlouvat s pam\u011btn\u00edkem, kter\u00fd st\u00e1l p\u0159i zrodu farnosti a nyn\u00ed vyd\u00e1v\u00e1 dlouho ukr\u00fdvan\u00e9 sv\u011bdectv\u00ed. Nahl\u00e9dn\u011bme tedy nejprve do kroniky na\u0161\u00ed farnosti, ji\u017e za\u010dal ps\u00e1t pam\u00e1tn\u00e9ho roku&#8230;<\/p>\n","protected":false},"author":3,"featured_media":0,"parent":407,"menu_order":0,"comment_status":"closed","ping_status":"closed","template":"","meta":{"jetpack_post_was_ever_published":false,"footnotes":""},"class_list":["post-414","page","type-page","status-publish","hentry"],"jetpack_sharing_enabled":true,"jetpack_shortlink":"https:\/\/wp.me\/P9GyX2-6G","jetpack-related-posts":[],"_links":{"self":[{"href":"http:\/\/pravoslavnebrno.cz\/ru\/wp-json\/wp\/v2\/pages\/414","targetHints":{"allow":["GET"]}}],"collection":[{"href":"http:\/\/pravoslavnebrno.cz\/ru\/wp-json\/wp\/v2\/pages"}],"about":[{"href":"http:\/\/pravoslavnebrno.cz\/ru\/wp-json\/wp\/v2\/types\/page"}],"author":[{"embeddable":true,"href":"http:\/\/pravoslavnebrno.cz\/ru\/wp-json\/wp\/v2\/users\/3"}],"replies":[{"embeddable":true,"href":"http:\/\/pravoslavnebrno.cz\/ru\/wp-json\/wp\/v2\/comments?post=414"}],"version-history":[{"count":3,"href":"http:\/\/pravoslavnebrno.cz\/ru\/wp-json\/wp\/v2\/pages\/414\/revisions"}],"predecessor-version":[{"id":422,"href":"http:\/\/pravoslavnebrno.cz\/ru\/wp-json\/wp\/v2\/pages\/414\/revisions\/422"}],"up":[{"embeddable":true,"href":"http:\/\/pravoslavnebrno.cz\/ru\/wp-json\/wp\/v2\/pages\/407"}],"wp:attachment":[{"href":"http:\/\/pravoslavnebrno.cz\/ru\/wp-json\/wp\/v2\/media?parent=414"}],"curies":[{"name":"wp","href":"https:\/\/api.w.org\/{rel}","templated":true}]}}