{"id":2,"date":"2018-01-30T17:16:44","date_gmt":"2018-01-30T17:16:44","guid":{"rendered":"http:\/\/pravoslavbrno.cz\/?page_id=2"},"modified":"2026-01-12T11:50:22","modified_gmt":"2026-01-12T10:50:22","slug":"about","status":"publish","type":"page","link":"http:\/\/pravoslavnebrno.cz\/ru\/about\/","title":{"rendered":"Kontakt"},"content":{"rendered":"<h2>Kontakty a odkazy:<\/h2>\n<h3>Farn\u00ed \u00fa\u0159ad:<\/h3>\n<p>Kola\u0159\u00edkova 3, Brno-\u0158e\u010dkovice, 621 00<br \/>\nTel.: \u00a0\u00a0736 227 040<br \/>\nE-mail: <a href=\"mailto:svatyvaclavbrno@gmail.com\">svatyvaclavbrno@gmail.com<\/a><\/p>\n<p>Web: <a href=\"http:\/\/www.pravoslavnebrno.cz\">www.pravoslavnebrno.cz<\/a><\/p>\n<p>Duchovn\u00ed spr\u00e1vce: prot. Mgr. Jozef Fejsak<\/p>\n<p>Bohoslu\u017eby se v sou\u010dasnosti konaj\u00ed v bohoslu\u017eebn\u00edch prostor\u00e1ch na Kola\u0159\u00edkove 3 v Brn\u011b &#8212; \u0158e\u010dkovic\u00edch.<\/p>\n<p><a href=\"http:\/\/pravoslavnebrno.cz\/wp-content\/uploads\/2026\/01\/last-scaled.jpg\"><img loading=\"lazy\" decoding=\"async\" class=\"alignnone size-full wp-image-27130\" src=\"http:\/\/pravoslavnebrno.cz\/wp-content\/uploads\/2026\/01\/last-scaled.jpg\" alt=\"\" width=\"2560\" height=\"1643\" srcset=\"http:\/\/pravoslavnebrno.cz\/wp-content\/uploads\/2026\/01\/last-scaled.jpg 2560w, http:\/\/pravoslavnebrno.cz\/wp-content\/uploads\/2026\/01\/last-300x193.jpg 300w, http:\/\/pravoslavnebrno.cz\/wp-content\/uploads\/2026\/01\/last-700x449.jpg 700w, http:\/\/pravoslavnebrno.cz\/wp-content\/uploads\/2026\/01\/last-768x493.jpg 768w, http:\/\/pravoslavnebrno.cz\/wp-content\/uploads\/2026\/01\/last-1536x986.jpg 1536w, http:\/\/pravoslavnebrno.cz\/wp-content\/uploads\/2026\/01\/last-2048x1314.jpg 2048w, http:\/\/pravoslavnebrno.cz\/wp-content\/uploads\/2026\/01\/last-800x513.jpg 800w\" sizes=\"auto, (max-width: 2560px) 100vw, 2560px\" \/><\/a><\/p>\n<div>\n<h3><span style=\"font-size: 17px; color: #333333;\"><strong><a href=\"http:\/\/pravoslavnebrno.cz\/wp-content\/uploads\/2026\/01\/Obrazek-WhatsApp-2025-12-20-v-10.45.40_894a0be5.jpg\"><img loading=\"lazy\" decoding=\"async\" class=\"alignnone size-full wp-image-27129\" src=\"http:\/\/pravoslavnebrno.cz\/wp-content\/uploads\/2026\/01\/Obrazek-WhatsApp-2025-12-20-v-10.45.40_894a0be5.jpg\" alt=\"\" width=\"1600\" height=\"1066\" srcset=\"http:\/\/pravoslavnebrno.cz\/wp-content\/uploads\/2026\/01\/Obrazek-WhatsApp-2025-12-20-v-10.45.40_894a0be5.jpg 1600w, http:\/\/pravoslavnebrno.cz\/wp-content\/uploads\/2026\/01\/Obrazek-WhatsApp-2025-12-20-v-10.45.40_894a0be5-300x200.jpg 300w, http:\/\/pravoslavnebrno.cz\/wp-content\/uploads\/2026\/01\/Obrazek-WhatsApp-2025-12-20-v-10.45.40_894a0be5-700x466.jpg 700w, http:\/\/pravoslavnebrno.cz\/wp-content\/uploads\/2026\/01\/Obrazek-WhatsApp-2025-12-20-v-10.45.40_894a0be5-768x512.jpg 768w, http:\/\/pravoslavnebrno.cz\/wp-content\/uploads\/2026\/01\/Obrazek-WhatsApp-2025-12-20-v-10.45.40_894a0be5-1536x1023.jpg 1536w, http:\/\/pravoslavnebrno.cz\/wp-content\/uploads\/2026\/01\/Obrazek-WhatsApp-2025-12-20-v-10.45.40_894a0be5-800x533.jpg 800w\" sizes=\"auto, (max-width: 1600px) 100vw, 1600px\" \/><\/a>Jak se dostat do Chr\u00e1mu Pokrovu P\u0159esvat\u00e9 Bohorodice v \u0158e\u010dkovic\u00edch:<\/strong> <\/span><\/h3>\n<h3><span style=\"font-size: 17px; color: #333333;\">Z Hlavn\u00edho n\u00e1dra\u017e\u00ed: tramvaj\u00ed \u010d. 1 sm\u011br \u0158e\u010dkovice na kone\u010dnou stanici a odtud 4 min. p\u011b\u0161ky na Kola\u0159\u00edkovu 3. <\/span><\/h3>\n<h3><span style=\"font-size: 17px; color: #333333;\">Ze Star\u00e9 osady: autobusem \u010d. 44 na zast\u00e1vku \u201eKr\u00e1lovo Pole\u201c (n\u00e1dra\u017e\u00ed), odtud autobusem \u010d. 70 (sm\u011br O\u0159e\u0161\u00edn) a\u017e na zast\u00e1vku \u201eHor\u00e1ck\u00e9 n\u00e1m\u011bst\u00ed\u201c a d\u00e1le u\u017e jen 1 min. p\u011b\u0161ky.<\/span><\/h3>\n<\/div>\n","protected":false},"excerpt":{"rendered":"<p>Kontakty a odkazy: Farn\u00ed \u00fa\u0159ad: Kola\u0159\u00edkova 3, Brno-\u0158e\u010dkovice, 621 00 Tel.: \u00a0\u00a0736 227 040 E-mail: svatyvaclavbrno@gmail.com Web: www.pravoslavnebrno.cz Duchovn\u00ed spr\u00e1vce: prot. Mgr. Jozef Fejsak Bohoslu\u017eby se v sou\u010dasnosti konaj\u00ed v bohoslu\u017eebn\u00edch prostor\u00e1ch na Kola\u0159\u00edkove 3 v Brn\u011b &#8212; \u0158e\u010dkovic\u00edch. Jak se dostat do Chr\u00e1mu Pokrovu P\u0159esvat\u00e9 Bohorodice v \u0158e\u010dkovic\u00edch: Z Hlavn\u00edho n\u00e1dra\u017e\u00ed: tramvaj\u00ed \u010d. 1&#8230;<\/p>\n","protected":false},"author":1,"featured_media":0,"parent":0,"menu_order":0,"comment_status":"open","ping_status":"open","template":"","meta":{"jetpack_post_was_ever_published":false,"footnotes":""},"class_list":["post-2","page","type-page","status-publish","hentry"],"jetpack_sharing_enabled":true,"jetpack_shortlink":"https:\/\/wp.me\/P9GyX2-2","jetpack-related-posts":[],"_links":{"self":[{"href":"http:\/\/pravoslavnebrno.cz\/ru\/wp-json\/wp\/v2\/pages\/2","targetHints":{"allow":["GET"]}}],"collection":[{"href":"http:\/\/pravoslavnebrno.cz\/ru\/wp-json\/wp\/v2\/pages"}],"about":[{"href":"http:\/\/pravoslavnebrno.cz\/ru\/wp-json\/wp\/v2\/types\/page"}],"author":[{"embeddable":true,"href":"http:\/\/pravoslavnebrno.cz\/ru\/wp-json\/wp\/v2\/users\/1"}],"replies":[{"embeddable":true,"href":"http:\/\/pravoslavnebrno.cz\/ru\/wp-json\/wp\/v2\/comments?post=2"}],"version-history":[{"count":13,"href":"http:\/\/pravoslavnebrno.cz\/ru\/wp-json\/wp\/v2\/pages\/2\/revisions"}],"predecessor-version":[{"id":27136,"href":"http:\/\/pravoslavnebrno.cz\/ru\/wp-json\/wp\/v2\/pages\/2\/revisions\/27136"}],"wp:attachment":[{"href":"http:\/\/pravoslavnebrno.cz\/ru\/wp-json\/wp\/v2\/media?parent=2"}],"curies":[{"name":"wp","href":"https:\/\/api.w.org\/{rel}","templated":true}]}}