{"id":407,"date":"2018-02-26T19:49:21","date_gmt":"2018-02-26T18:49:21","guid":{"rendered":"http:\/\/pravoslavbrno.cz\/?page_id=407"},"modified":"2018-02-26T20:10:05","modified_gmt":"2018-02-26T19:10:05","slug":"strucne-o-historii-a-soucasnosti-nasi-farnosti","status":"publish","type":"page","link":"http:\/\/pravoslavnebrno.cz\/el\/pravoslavna-cirkev-v-ceskych-zemich-a-na-slovensku\/strucne-o-historii-a-soucasnosti-nasi-farnosti\/","title":{"rendered":"Stru\u010dn\u011b o na\u0161\u00ed farnosti"},"content":{"rendered":"<p>V roce 2014 oslavila pravoslavn\u00e1 c\u00edrkevn\u00ed obec v Brn\u011b 90. v\u00fdro\u010d\u00ed sv\u00e9 existence. Jde bezesporu o velice kr\u00e1sn\u00e9 jubileum, zv\u00e1\u017e\u00edme-li pohnutou historii na\u0161\u00ed farnosti. Nezm\u011brnou z\u00e1sluhu na jej\u00edm vzniku m\u00e1 blah\u00e9 pam\u011bti o. V\u00e1clav \u0160ev\u010d\u00edk a svat\u00fd mu\u010dedn\u00edk vladyka Gorazd. Otec \u0160ev\u010d\u00edk n\u00e1m spolu s aktivn\u00edmi v\u011b\u0159\u00edc\u00edmi brn\u011bnsk\u00e9 farnosti, obzvl\u00e1\u0161t\u011b nezapomenutelnou sestrou Pravomilou Studenou, postavili n\u00e1dhern\u00fd chr\u00e1m, kter\u00fd se stal ozdobou pravoslavn\u00e9 v\u00edry a c\u00edrkve ve m\u011bst\u011b Brn\u011b. Ji\u017e kr\u00e1tce po zalo\u017een\u00ed farnosti byl zorganizov\u00e1n jeden z nejkvalitn\u011bj\u0161\u00edch sbor\u016f v Brn\u011b, v n\u011bm\u017e zp\u00edvali v\u00fdznamn\u00e9 osobnosti m\u011bsta, jako nap\u0159. brn\u011bnsk\u00fd starosta Tome\u0161 se svou chot\u00ed a mnoz\u00ed dal\u0161\u00ed.<\/p>\n<p>Velkou zkou\u0161kou pro\u0161la na\u0161e c\u00edrkevn\u00ed obec b\u011bhem 2. sv\u011btov\u00e9 v\u00e1lky. Gestapo tehdy nechalo farnost zav\u0159\u00edt, duchovn\u00ed otec Jaroslav Ros\u00e1k byl odveden na nucen\u00e9 pr\u00e1ce do koncentra\u010dn\u00edho t\u00e1bora a mnoz\u00ed na\u0161i farn\u00edci byli popraveni v Kounicov\u00fdch kolej\u00edch. N\u00e1bo\u017eensk\u00fd \u017eivot byl obnoven a\u017e po v\u00e1lce, kdy se otec Ros\u00e1k vr\u00e1til z koncentra\u010dn\u00edho t\u00e1bora a znovu ne\u00fanavn\u011b organizoval duchovn\u00ed \u017eivot brn\u011bnsk\u00e9 farnosti.<\/p>\n<p><a href=\"http:\/\/pravoslavbrno.cz\/wp-content\/uploads\/2018\/02\/chram2003.jpg\"><img loading=\"lazy\" decoding=\"async\" class=\"wp-image-404 aligncenter\" src=\"http:\/\/pravoslavbrno.cz\/wp-content\/uploads\/2018\/02\/chram2003-300x225.jpg\" alt=\"\" width=\"476\" height=\"357\" srcset=\"http:\/\/pravoslavnebrno.cz\/wp-content\/uploads\/2018\/02\/chram2003-300x225.jpg 300w, http:\/\/pravoslavnebrno.cz\/wp-content\/uploads\/2018\/02\/chram2003.jpg 400w, http:\/\/pravoslavnebrno.cz\/wp-content\/uploads\/2018\/02\/chram2003-80x60.jpg 80w\" sizes=\"auto, (max-width: 476px) 100vw, 476px\" \/><\/a><\/p>\n<p>V\u011b\u0159\u00edc\u00ed se v\u0161ak dlouho net\u011b\u0161ili: p\u0159i\u0161el \u00fanor 1948 a c\u00edrkev pozbyla sv\u00e9 n\u00e1bo\u017eensk\u00e9 svobody. Nastal \u00fapadek duchovn\u00edho \u017eivota, v\u011b\u0159\u00edc\u00ed se po dlouhou dobu ob\u00e1vali \u00fa\u010dasti na bohoslu\u017eb\u00e1ch.<\/p>\n<p>Postupnou obnovu c\u00edrkevn\u00edho \u017eivota na\u0161\u00ed farnosti lze zaznamenat a\u017e po roce 1989. Chr\u00e1m se za\u010d\u00edn\u00e1 napl\u0148ovat v\u011b\u0159\u00edc\u00edmi jak \u010desk\u00e9, tak jin\u00e9 n\u00e1rodnosti a do obce spont\u00e1nn\u011b p\u0159ich\u00e1zej\u00ed mlad\u00ed lid\u00e9, kte\u0159\u00ed zde nach\u00e1zej\u00ed p\u0159edev\u0161\u00edm intenzivn\u00ed duchovn\u00ed z\u00e1zem\u00ed, \u017eivou v\u00edru a posv\u011bcen\u00ed. K hlavn\u00edm stavebn\u00edm po\u010din\u016fm po\u010d\u00e1tku 90. let pat\u0159\u00ed stavba zvonice s baptist\u00e9riem, v n\u011bm\u017e p\u0159ij\u00edmaj\u00ed mnoz\u00ed mlad\u00ed i star\u0161\u00ed v\u011b\u0159\u00edc\u00ed svatou tajinu K\u0159tu a st\u00e1vaj\u00ed se pravoslavn\u00fdmi k\u0159es\u0165any. I chr\u00e1mov\u00fd p\u011bveck\u00fd sbor z\u00edsk\u00e1v\u00e1 nov\u00e9 \u010dleny a bohoslu\u017eebn\u00fd \u0159\u00e1d nab\u00fdv\u00e1 postupn\u011b sv\u00e9 duchovn\u00ed kr\u00e1sy. Sv\u00e1tky Velikonoc \u2013 sv\u011btl\u00e9ho Kristova vzk\u0159\u00ed\u0161en\u00ed \u2013 odkr\u00fdvaj\u00ed dlouho utajenou s\u00edlu Pravoslav\u00ed v na\u0161\u00ed zemi. Na Paschu se zapl\u0148uje v\u011b\u0159\u00edc\u00edmi nejen chr\u00e1m, ale i jeho bezprost\u0159edn\u00ed okol\u00ed. Duchovn\u00ed radost je c\u00edtit z ka\u017ed\u00e9ho v\u011b\u0159\u00edc\u00edho \u010dlov\u011bka, kter\u00fd p\u0159ich\u00e1z\u00ed do chr\u00e1mu.<!--more--><\/p>\n<p>P\u0159i farnosti byla zalo\u017eena t\u00e9\u017e Svatov\u00e1clavsk\u00e1 hudebn\u00ed \u0161kola, v n\u00ed\u017e dosud studovalo na sto mal\u00fdch \u017e\u00e1k\u016f pod veden\u00edm zku\u0161en\u00fdch u\u010ditel\u016f. Farnost za\u010dala postupn\u011b pracovat i liter\u00e1rn\u011b a vedle p\u0159ekladatelsk\u00e9 \u010dinnosti na\u0161la mezi sebou i nad\u0161enou ml\u00e1de\u017e, kter\u00e1 zalo\u017eila brn\u011bnsk\u00fd pravoslavn\u00fd v\u011bstn\u00edk s n\u00e1zvem \u201eDobr\u00fd past\u00fd\u0159\u201c. Vedle hudebn\u00ed a liter\u00e1rn\u00ed \u010dinnosti je t\u0159eba uv\u00e9st t\u00e9\u017e \u010dinnost pravoslavn\u00e9ho filmov\u00e9ho klubu, jen\u017e p\u0159edev\u0161\u00edm o velk\u00fdch sv\u00e1tc\u00edch seznamuje v\u011b\u0159\u00edc\u00ed s bohatou kr\u00e1sou pravoslavn\u00e9 duchovnosti.<\/p>\n<p>Na sklonku r. 2003 mohla b\u00fdt d\u00edky \u0161t\u011bdr\u00fdm dar\u016fm v\u011b\u0159\u00edc\u00edch uskute\u010dn\u011bna rozs\u00e1hl\u00e1 rekonstrukce vn\u011bj\u0161\u00ed stavby chr\u00e1mu v\u010detn\u011b pozlacen\u00ed kopule a takt\u00e9\u017e byl opraven c\u00edrkevn\u00ed d\u016fm na \u00davoze 62.<\/p>\n<p>Jako duchovn\u00edho spr\u00e1vce mne napl\u0148uje nesm\u00edrnou radost\u00ed zejm\u00e9na rozmanit\u00e1 aktivita na\u0161\u00ed ml\u00e1de\u017ee, kter\u00e1 se spolupod\u00edl\u00ed na vytv\u00e1\u0159en\u00ed aktivn\u00edho duchovn\u00edho \u017eivota p\u0159i r\u016fzn\u00fdch ud\u00e1lostech a aktivit\u00e1ch na\u0161\u00ed farnosti. K nim pat\u0159\u00ed v neposledn\u00ed \u0159ad\u011b t\u00e9\u017e poutn\u00ed z\u00e1jezdy, zam\u011b\u0159en\u00e9 na pozn\u00e1v\u00e1n\u00ed pravoslavn\u00fdch svatyn\u00ed na Ukrajin\u011b, Podkarpatsk\u00e9 Rusi, v Rusku, Francii, \u0158ecku \u010di ve Svat\u00e9 Zemi.<\/p>\n<p>P\u0159i takto v\u00fdznamn\u00e9m jubileu m\u016f\u017eeme zvolat spolu s prorokem Davidem \u017ealmick\u00e1 slova: \u201eToto je den, kter\u00fd u\u010dinil Hospodin, radujme se a veselme se z n\u011bj!\u201c P\u0159eji V\u00e1m v\u0161em, draz\u00ed brat\u0159i a sestry v Kristu, po\u017eehnanou duchovn\u00ed radost od Hospodina, kter\u00e1 n\u00e1s bude ka\u017edodenn\u011b prov\u00e1zet v na\u0161em osobn\u00edm i duchovn\u00edm \u017eivot\u011b.<\/p>\n<p style=\"text-align: right;\"><i>prot. Mgr. Jozef Fejsak, duchovn\u00ed spr\u00e1vce<\/i><\/p>\n","protected":false},"excerpt":{"rendered":"<p>V roce 2014 oslavila pravoslavn\u00e1 c\u00edrkevn\u00ed obec v Brn\u011b 90. v\u00fdro\u010d\u00ed sv\u00e9 existence. Jde bezesporu o velice kr\u00e1sn\u00e9 jubileum, zv\u00e1\u017e\u00edme-li pohnutou historii na\u0161\u00ed farnosti. Nezm\u011brnou z\u00e1sluhu na jej\u00edm vzniku m\u00e1 blah\u00e9 pam\u011bti o. V\u00e1clav \u0160ev\u010d\u00edk a svat\u00fd mu\u010dedn\u00edk vladyka Gorazd. Otec \u0160ev\u010d\u00edk n\u00e1m spolu s aktivn\u00edmi v\u011b\u0159\u00edc\u00edmi brn\u011bnsk\u00e9 farnosti, obzvl\u00e1\u0161t\u011b nezapomenutelnou sestrou Pravomilou Studenou, postavili&#8230;<\/p>\n","protected":false},"author":3,"featured_media":0,"parent":410,"menu_order":0,"comment_status":"closed","ping_status":"closed","template":"nosidebar.php","meta":{"jetpack_post_was_ever_published":false,"footnotes":""},"class_list":["post-407","page","type-page","status-publish","hentry"],"jetpack_sharing_enabled":true,"jetpack_shortlink":"https:\/\/wp.me\/P9GyX2-6z","jetpack-related-posts":[],"_links":{"self":[{"href":"http:\/\/pravoslavnebrno.cz\/el\/wp-json\/wp\/v2\/pages\/407","targetHints":{"allow":["GET"]}}],"collection":[{"href":"http:\/\/pravoslavnebrno.cz\/el\/wp-json\/wp\/v2\/pages"}],"about":[{"href":"http:\/\/pravoslavnebrno.cz\/el\/wp-json\/wp\/v2\/types\/page"}],"author":[{"embeddable":true,"href":"http:\/\/pravoslavnebrno.cz\/el\/wp-json\/wp\/v2\/users\/3"}],"replies":[{"embeddable":true,"href":"http:\/\/pravoslavnebrno.cz\/el\/wp-json\/wp\/v2\/comments?post=407"}],"version-history":[{"count":2,"href":"http:\/\/pravoslavnebrno.cz\/el\/wp-json\/wp\/v2\/pages\/407\/revisions"}],"predecessor-version":[{"id":413,"href":"http:\/\/pravoslavnebrno.cz\/el\/wp-json\/wp\/v2\/pages\/407\/revisions\/413"}],"up":[{"embeddable":true,"href":"http:\/\/pravoslavnebrno.cz\/el\/wp-json\/wp\/v2\/pages\/410"}],"wp:attachment":[{"href":"http:\/\/pravoslavnebrno.cz\/el\/wp-json\/wp\/v2\/media?parent=407"}],"curies":[{"name":"wp","href":"https:\/\/api.w.org\/{rel}","templated":true}]}}